{"id":414,"date":"2009-09-29T15:05:02","date_gmt":"2009-09-29T13:05:02","guid":{"rendered":"http:\/\/www.rsue.de\/?page_id=414"},"modified":"2025-10-10T10:11:37","modified_gmt":"2025-10-10T08:11:37","slug":"schulordnung","status":"publish","type":"page","link":"https:\/\/www.rsue.de\/?page_id=414","title":{"rendered":"Schulordnung"},"content":{"rendered":"\n<p class=\"has-text-align-left\">Die Realschule \u00dcberlingen ist unsere Schule.<br \/>In unserer Schule gilt:<\/p>\n\n\n\n<p class=\"has-text-align-center\"><strong>\u201eWir werden gesehen, wir werden geh\u00f6rt, wir werden gebraucht.\u201c<\/strong><\/p>\n\n\n\n<p>Um dies zu gew\u00e4hrleisten, halten wir uns an vereinbarte Regeln. Wir k\u00f6nnen in unserer Schulordnung jedoch nicht alles bis auf das Kleinste festschreiben.<\/p>\n\n\n\n<p>Deshalb gilt: Jeder von uns muss f\u00fcr die Gemeinschaft mitdenken und Verantwortung f\u00fcr sich und andere tragen.<\/p>\n\n\n\n<hr class=\"wp-block-separator has-alpha-channel-opacity\"\/>\n\n\n\n<p>Wir k\u00f6nnen in unserer Schule erfolgreich und gut zusammenleben, wenn wir (Sch\u00fclerinnen und Sch\u00fcler, Lehrerinnen und Lehrer, Mitarbeiterinnen und Mitarbeiter, Eltern) im Unterricht und bei au\u00dferunterrichtlichen Aktivit\u00e4ten<\/p>\n\n\n\n<ul class=\"wp-block-list\">\n<li>einander achten,<\/li>\n\n\n\n<li>zueinander offen und ehrlich sind,<\/li>\n\n\n\n<li>verantwortungsvoll handeln.<\/li>\n<\/ul>\n\n\n\n<p>Um dies zu erreichen, erarbeiten sich vor allem die unteren Klassenstufen am Anfang des Schuljahres mit der Klassenlehrerin, dem Klassenlehrer ihre Klassenordnung. Wer die Schul- und Klassenordnung missachtet, muss mit erzieherischen Ma\u00dfnahmen rechnen. Schaden ist wiedergutzumachen. Bei wiederholten Verst\u00f6\u00dfen ist zu \u00fcberlegen, ob ein Verbleib an unserer Schule noch sinnvoll und m\u00f6glich ist.<\/p>\n\n\n\n<hr class=\"wp-block-separator has-alpha-channel-opacity\"\/>\n\n\n\n<p>F\u00fcr die gesamte Schule gelten folgende allgemeing\u00fcltige Grunds\u00e4tze, verdeutlicht durch einige Beispiele:<\/p>\n\n\n\n<figure class=\"wp-block-table is-style-regular\"><table class=\"has-fixed-layout\"><thead><tr><th>Grunds\u00e4tze<\/th><th>Dies bedeutet<\/th><\/tr><\/thead><tbody><tr><td><strong>Soziales Handeln<\/strong><br \/>Wir sind freundlich, h\u00f6flich und hilfsbereit.<\/td><td>Wir gr\u00fc\u00dfen uns.<br \/>Wir helfen uns.<br \/>Wir achten aufeinander.<br \/>Wir tragen Konflikte gewaltfrei aus und l\u00f6sen sie friedlich.<br \/>Wir unterlassen Toben, Schreien und Dr\u00e4ngeln.<\/td><\/tr><tr><td><strong>Lernen<\/strong><br \/>Jeder ist f\u00fcr das Gelingen von Schule und Unterricht verantwortlich. Jede Sch\u00fclerin und jeder Sch\u00fcler hat das Recht, ungest\u00f6rt lernen zu k\u00f6nnen. Jede Lehrerin und jeder Lehrer hat das Recht, ungest\u00f6rt unterrichten zu k\u00f6nnen. Lernen in einer Gemeinschaft ist nur in einer guten Atmosph\u00e4re m\u00f6glich.<\/td><td>Wir sind p\u00fcnktlich im Unterrichtsraum.<br \/>Wir haben unsere Unterrichtsmaterialien vollst\u00e4ndig dabei.<br \/>Wir unterlassen jegliche St\u00f6rung des Unterrichts.<br \/>Wir erledigen unsere Hausaufgaben.<\/td><\/tr><tr><td><strong>Lebensraum Schule<\/strong><\/td><td>Wir gehen mit den Einrichtungen und Unterrichtsmitteln der Schule sorgf\u00e4ltig um und achten das Eigentum anderer.<br \/>Wir essen und trinken nur w\u00e4hrend der Pausen, Kaugummi kauen ist aus hygienischen Gr\u00fcnden verboten.<br \/>Wir tragen das Siegel \u201eGesunde Schule\u201c und verzichten auf stark zuckerhaltige und\/oder koffeinhaltige Getr\u00e4nke bzw. Speisen.<br \/>Wir beachten die Mensa-Regeln.<br \/>Wir tragen im Schulhaus keine Kopfbedeckung.<br \/>Wir bringen keine Sportger\u00e4te (z.B. Skateboards, Scooter, E-Roller) mit ins Schulhaus.<br \/>Wir unterlassen den Gebrauch elektronischer Unterhaltungsger\u00e4te (z.B. Smartphone etc.) im Schulhaus und auf dem Schulgel\u00e4nde. Eine Ausnahme bildet allerdings der Gebrauch f\u00fcr unterrichtliche Zwecke mit der ausdr\u00fccklichen Erlaubnis eines Lehrers.<br \/>Wir achten auf die Sauberkeit im Schulhaus (z.B. verlassen wir die Toiletten, wie wir sie vorgefunden haben).<br \/>Wir bleiben w\u00e4hrend der Schulzeit auf dem Schulgel\u00e4nde.<br \/>Wir achten auf angemessene Kleidung im Schulalltag.<\/td><\/tr><tr><td><strong>Freiheit und Verantwortung<\/strong><br \/>Wer Freiheit beansprucht, muss Regeln anerkennen und befolgen.<\/td><td>Die Rechte anderer d\u00fcrfen nicht verletzt werden. Der Konsum von Alkohol, Nikotin, E-Zigaretten bzw. E-Shishas und jede weitere Form von Drogen ist laut Jugendschutz- und Schulgesetz verboten.<\/td><\/tr><\/tbody><\/table><\/figure>\n\n\n\n<h3 class=\"wp-block-heading\">P\u00e4dagogische Ma\u00dfnahmen<\/h3>\n\n\n\n<p>Eine erfolgreiche Erziehungsarbeit wird durch verst\u00e4ndnisvolle Gespr\u00e4che zwischen Sch\u00fclerinnen bzw. Sch\u00fclern und Lehrerinnen bzw. Lehrern sowie durch einen guten Kontakt mit den Erziehungsberechtigten gew\u00e4hrleistet.<\/p>\n\n\n\n<p>Jede Sch\u00fclerin und jeder Sch\u00fcler hat das Recht, ihre bzw. seine Meinung in angemessener Weise zu vertreten.<br \/>Bei Problemen sollten die Sch\u00fclerinnen und Sch\u00fcler zuerst mit der betroffenen Lehrkraft sprechen; hierbei k\u00f6nnen die Klassenlehrerin bzw. der Klassenlehrer, die SMV-Lehrer, die Beratungslehrerin bzw. der Beratungslehrer oder die Schulsozialarbeit mit hinzugezogen werden.<\/p>\n\n\n\n<h4 class=\"wp-block-heading\">Verhaltenseintr\u00e4ge<\/h4>\n\n\n\n<p>Unangemessenes Verhalten f\u00fchrt zu einem Klassenbucheintrag; Schwerwiegendes Fehlverhalten oder wiederholtes unangemessenes Verhalten f\u00fchren zu einem roten Klassenbucheintrag. Eintr\u00e4ge k\u00f6nnen mit zus\u00e4tzlichen p\u00e4dagogischen Ma\u00dfnahmen (z.B. Nachsitzen) verbunden sein. Die Verh\u00e4ltnism\u00e4\u00dfigkeit wird bei jedem Eintrag individuell ber\u00fccksichtigt.<\/p>\n\n\n\n<p>Klassenbucheintr\u00e4ge werden gr\u00fcn markiert. Sie betreffen Dinge aus dem Bereich Mitarbeit, Ordnung, Zuverl\u00e4ssigkeit, Essen, Trinken und Kaugummikauen im Unterricht, ebenso das unerlaubte Benutzen von Smartphones etc. Sie k\u00f6nnen positiver und negativer Art sein und dienen haupts\u00e4chlich der Information f\u00fcr die in der Klasse unterrichtenden Lehrerinnen und Lehrern.<\/p>\n\n\n\n<h5 class=\"wp-block-heading\">Folgende Beispiele f\u00fchren zu roten Klassenbucheintr\u00e4gen<\/h5>\n\n\n\n<p><em>Gegen\u00fcber Mitsch\u00fclerinnen und Mitsch\u00fclern:<\/em><\/p>\n\n\n\n<ul class=\"wp-block-list\">\n<li>vors\u00e4tzliche Verletzung<\/li>\n\n\n\n<li>schwerer k\u00f6rperlicher Angriff<\/li>\n\n\n\n<li>schwere Beleidigung<\/li>\n\n\n\n<li>Verleumdung<\/li>\n\n\n\n<li>Diebstahl<\/li>\n\n\n\n<li>absichtliche schwere Besch\u00e4digung von Eigentum eines Mitsch\u00fclers<\/li>\n<\/ul>\n\n\n\n<p><em>Gegen\u00fcber Lehrerinnen und Lehrern oder anderen erwachsenen Personen:<\/em><\/p>\n\n\n\n<ul class=\"wp-block-list\">\n<li>grober Ungehorsam<\/li>\n\n\n\n<li>absichtliches Bel\u00fcgen<\/li>\n\n\n\n<li>Beleidigung bzw. Provokation<\/li>\n\n\n\n<li>provokative (Aufforderung zur) Leistungsverweigerung<\/li>\n\n\n\n<li>Verweigerung von Hausaufgaben oder Zusatzaufgaben<\/li>\n\n\n\n<li>gef\u00e4lschte Unterschriften<\/li>\n\n\n\n<li>vors\u00e4tzliches Fehlen, unentschuldigtes Zusp\u00e4tkommen<\/li>\n\n\n\n<li>grobe Missachtung von Regeln<\/li>\n<\/ul>\n\n\n\n<p><em>Grobe Verst\u00f6\u00dfe gegen die Schulordnung und das Schulgesetz, z.B.:<\/em><\/p>\n\n\n\n<ul class=\"wp-block-list\">\n<li>Alkohol, Nikotin, Drogen<\/li>\n\n\n\n<li>Zerst\u00f6rung von Mobiliar und Schuleigentum<\/li>\n<\/ul>\n","protected":false},"excerpt":{"rendered":"<p>Die Realschule \u00dcberlingen ist unsere Schule.In unserer Schule gilt: \u201eWir werden gesehen, wir werden geh\u00f6rt, wir werden gebraucht.\u201c Um dies zu gew\u00e4hrleisten, [&hellip;]<\/p>\n","protected":false},"author":15,"featured_media":0,"parent":160,"menu_order":4,"comment_status":"closed","ping_status":"closed","template":"page-templates\/page_fullwidth.php","meta":{"footnotes":""},"class_list":["post-414","page","type-page","status-publish","hentry"],"_links":{"self":[{"href":"https:\/\/www.rsue.de\/index.php?rest_route=\/wp\/v2\/pages\/414","targetHints":{"allow":["GET"]}}],"collection":[{"href":"https:\/\/www.rsue.de\/index.php?rest_route=\/wp\/v2\/pages"}],"about":[{"href":"https:\/\/www.rsue.de\/index.php?rest_route=\/wp\/v2\/types\/page"}],"author":[{"embeddable":true,"href":"https:\/\/www.rsue.de\/index.php?rest_route=\/wp\/v2\/users\/15"}],"replies":[{"embeddable":true,"href":"https:\/\/www.rsue.de\/index.php?rest_route=%2Fwp%2Fv2%2Fcomments&post=414"}],"version-history":[{"count":9,"href":"https:\/\/www.rsue.de\/index.php?rest_route=\/wp\/v2\/pages\/414\/revisions"}],"predecessor-version":[{"id":21723,"href":"https:\/\/www.rsue.de\/index.php?rest_route=\/wp\/v2\/pages\/414\/revisions\/21723"}],"up":[{"embeddable":true,"href":"https:\/\/www.rsue.de\/index.php?rest_route=\/wp\/v2\/pages\/160"}],"wp:attachment":[{"href":"https:\/\/www.rsue.de\/index.php?rest_route=%2Fwp%2Fv2%2Fmedia&parent=414"}],"curies":[{"name":"wp","href":"https:\/\/api.w.org\/{rel}","templated":true}]}}