{"id":21164,"date":"2024-09-19T18:47:59","date_gmt":"2024-09-19T16:47:59","guid":{"rendered":"https:\/\/www.rsue.de\/?page_id=21164"},"modified":"2025-12-17T09:43:21","modified_gmt":"2025-12-17T08:43:21","slug":"webuntis-schuelerzugang","status":"publish","type":"page","link":"https:\/\/www.rsue.de\/?page_id=21164","title":{"rendered":"WebUntis f\u00fcr Sch\u00fcler"},"content":{"rendered":"\n<div class=\"wp-block-buttons is-content-justification-center is-layout-flex wp-container-core-buttons-is-layout-a89b3969 wp-block-buttons-is-layout-flex\">\n<div class=\"wp-block-button is-style-fill\"><a class=\"wp-block-button__link has-white-color has-text-color has-background has-link-color wp-element-button\" href=\"https:\/\/rsue.webuntis.com\/WebUntis\/?school=rsue#\/basic\/login\" style=\"background-color:#dd8500\" target=\"_blank\" rel=\"https:\/\/kephiso.webuntis.com\/WebUntis\/?school=RS+%C3%9Cberlingen#\/basic\/main noreferrer noopener nofollow\">WebUntis starten<\/a><\/div>\n<\/div>\n\n\n\n<p>Liebe Sch\u00fclerinnen und Sch\u00fcler, <\/p>\n\n\n\n<p>nach deiner erfolgreichen <a href=\"https:\/\/kephiso.webuntis.com\/WebUntis\/?school=RS+%C3%9Cberlingen#\/basic\/login\" target=\"_blank\" rel=\"noreferrer noopener nofollow\">Anmeldung in WebUntis<\/a> werden dir unter anderem angezeigt:<\/p>\n\n\n\n<ul class=\"wp-block-list\">\n<li>Infotexte zu den Unterrichtsstunden oder zum Unterrichtstag,<\/li>\n\n\n\n<li>dein Stundenplan,<\/li>\n\n\n\n<li>alle Vertretungs- und Ausfallstunden (auch in der App \u201eUntis Mobile\u201c) und <\/li>\n\n\n\n<li>deine Klassenarbeitstermine.<\/li>\n<\/ul>\n\n\n\n<h3 class=\"wp-block-heading\">Dein WebUntis-Konto<\/h3>\n\n\n\n<p>Die Zugangsdaten aus Benutzername und Passwort erh\u00e4ltst du entweder von deinem Klassenlehrer oder einem Fachlehrer. Wenn der Zugang nicht m\u00f6glich ist oder andere Probleme mit WebUntis auftreten, dann kannst du neue Zugangsdaten anfordern. Bitte sende dazu eine E-Mail an <a href=\"mailto:untis@rsue.de\">untis@rsue.de<\/a> mit folgenden Angaben: <em>Name<\/em>, <em>Vorname <\/em>und <em>Klasse<\/em>.<\/p>\n\n\n\n<p class=\"has-background\" style=\"background-color:#fff5d9\"><strong>Tipp<\/strong>: Wenn du dein Passwort vergessen hat, kannst du die \u201e<a href=\"https:\/\/rsue.webuntis.com\/WebUntis\/#\/basic\/resetPassword\">Passwort vergessen?<\/a>\u201c-Funktion auf der Login-Seite nutzen \u2013 allerdings nur, wenn du vorab in deinem WebUntis-Profil eine g\u00fcltige E-Mail-Adresse hinterlegt hat, an die das neue Passwort versendet werden kann.<\/p>\n\n\n\n<p>Au\u00dferdem solltest du dein Profil mit einem passbild\u00e4hnlichen Foto vervollst\u00e4ndigen. Dieses ist nur f\u00fcr dich, deine Erziehungsberechtigten und deine Lehrer sichtbar.<\/p>\n\n\n\n<div class=\"wp-block-buttons is-content-justification-center is-layout-flex wp-container-core-buttons-is-layout-a89b3969 wp-block-buttons-is-layout-flex\">\n<div class=\"wp-block-button is-style-fill\"><a class=\"wp-block-button__link has-white-color has-text-color has-background has-link-color wp-element-button\" href=\"https:\/\/rsue.webuntis.com\/WebUntis\/?school=rsue#\/basic\/login\" style=\"background-color:#dd8500\" target=\"_blank\" rel=\"https:\/\/kephiso.webuntis.com\/WebUntis\/?school=RS+%C3%9Cberlingen#\/basic\/main noreferrer noopener nofollow\">WebUntis starten<\/a><\/div>\n<\/div>\n\n\n\n<p>Deine Erziehungsberechtigten nutzen einen anderen Zugang (siehe <a href=\"https:\/\/www.rsue.de\/?page_id=21156\" data-type=\"page\" data-id=\"21156\">hier<\/a>).<\/p>\n\n\n\n<h3 class=\"wp-block-heading\">Zugriff \u00fcber Untis Mobile<\/h3>\n\n\n\n<p>Um die App <strong>Untis Mobile<\/strong> auf einem mobilen Endger\u00e4t zu nutzen, musst du zun\u00e4chst in <a href=\"https:\/\/kephiso.webuntis.com\/WebUntis\/?school=RS+%C3%9Cberlingen#\/basic\/main\">WebUntis<\/a> unter PROFIL &#8211; FREIGABE den Zugriff \u00fcber Untis Mobile aktivieren. Nach der Installation der App  aus dem <a href=\"https:\/\/apps.apple.com\/at\/app\/untis-mobile\/id926186904\" target=\"_blank\" rel=\"noreferrer noopener nofollow\">App Store<\/a> oder <a href=\"https:\/\/play.google.com\/store\/apps\/details?id=com.grupet.web.app\" target=\"_blank\" rel=\"noreferrer noopener nofollow\">Google Play<\/a> kannst du nun deine Anmeldedaten per QR-Code auf das mobile Endger\u00e4t \u00fcbertragen oder manuell eingegeben.<\/p>\n\n\n\n<p class=\"has-background\" style=\"background-color:#fff5d9\"><strong>Tipp<\/strong>: Halte die App immer aktuell. Bei technischen Problemen hilft meistens eine Neuinstallation.<\/p>\n","protected":false},"excerpt":{"rendered":"<p>Liebe Sch\u00fclerinnen und Sch\u00fcler, nach deiner erfolgreichen Anmeldung in WebUntis werden dir unter anderem angezeigt: Dein WebUntis-Konto Die Zugangsdaten aus Benutzername und [&hellip;]<\/p>\n","protected":false},"author":110,"featured_media":0,"parent":0,"menu_order":0,"comment_status":"closed","ping_status":"closed","template":"page-templates\/page_fullwidth.php","meta":{"footnotes":""},"class_list":["post-21164","page","type-page","status-publish","hentry"],"_links":{"self":[{"href":"https:\/\/www.rsue.de\/index.php?rest_route=\/wp\/v2\/pages\/21164","targetHints":{"allow":["GET"]}}],"collection":[{"href":"https:\/\/www.rsue.de\/index.php?rest_route=\/wp\/v2\/pages"}],"about":[{"href":"https:\/\/www.rsue.de\/index.php?rest_route=\/wp\/v2\/types\/page"}],"author":[{"embeddable":true,"href":"https:\/\/www.rsue.de\/index.php?rest_route=\/wp\/v2\/users\/110"}],"replies":[{"embeddable":true,"href":"https:\/\/www.rsue.de\/index.php?rest_route=%2Fwp%2Fv2%2Fcomments&post=21164"}],"version-history":[{"count":19,"href":"https:\/\/www.rsue.de\/index.php?rest_route=\/wp\/v2\/pages\/21164\/revisions"}],"predecessor-version":[{"id":21858,"href":"https:\/\/www.rsue.de\/index.php?rest_route=\/wp\/v2\/pages\/21164\/revisions\/21858"}],"wp:attachment":[{"href":"https:\/\/www.rsue.de\/index.php?rest_route=%2Fwp%2Fv2%2Fmedia&parent=21164"}],"curies":[{"name":"wp","href":"https:\/\/api.w.org\/{rel}","templated":true}]}}