{"id":18382,"date":"2024-04-27T08:13:42","date_gmt":"2024-04-27T06:13:42","guid":{"rendered":"https:\/\/www.rsue.de\/?page_id=18382"},"modified":"2025-10-11T11:23:22","modified_gmt":"2025-10-11T09:23:22","slug":"mensa","status":"publish","type":"page","link":"https:\/\/www.rsue.de\/?page_id=18382","title":{"rendered":"Mensa"},"content":{"rendered":"\n<p>Die Stadt \u00dcberlingen hat mit der Mensa im Gymnasium vereinbart, dass alle Sch\u00fclerinnen und Sch\u00fcler der Realschule dort zwischen 13 und 14 Uhr zu Mittag essen d\u00fcrfen. F\u00fcr die speziellen Tagesangebote (siehe <a href=\"https:\/\/gymueb.eu\/die-schule\/mensa\/\"><strong>hier<\/strong><\/a>) ist eine Voranmeldung im Sekretariat der Realschule notwendig. Diese muss sp\u00e4testens einen Werktag vorher eingehen, das hei\u00dft wer zum Beispiel am Dienstag in der Mensa essen will, muss sich sp\u00e4testens am Montag anmelden.<\/p>\n\n\n\n<p>Damit wir weiterhin die Chance auf eine Mensaversorgung an der Realschule selbst haben, ben\u00f6tigen wir entsprechende Anmeldezahlen. Daher ist die Teilnahme an diesem Angebot, vor allem mit Vorannmeldung, sehr willkommen! <br \/>Weiterhin gilt aber dennoch: Wer kurzentschlossen essen gehen will, kann das auch weiterhin tun.<\/p>\n\n\n\n<hr class=\"wp-block-separator has-alpha-channel-opacity\"\/>\n\n\n\n<p>Au\u00dferdem bietet die B\u00e4ckerei Diener jeden Tag in der ersten Pause an unserer Schule einen Verkauf f\u00fcr<br \/>belegte Br\u00f6tchen etc. an.<\/p>\n","protected":false},"excerpt":{"rendered":"<p>Die Stadt \u00dcberlingen hat mit der Mensa im Gymnasium vereinbart, dass alle Sch\u00fclerinnen und Sch\u00fcler der Realschule dort zwischen 13 und 14 [&hellip;]<\/p>\n","protected":false},"author":110,"featured_media":0,"parent":837,"menu_order":4,"comment_status":"closed","ping_status":"closed","template":"page-templates\/page_fullwidth.php","meta":{"footnotes":""},"class_list":["post-18382","page","type-page","status-publish","hentry"],"_links":{"self":[{"href":"https:\/\/www.rsue.de\/index.php?rest_route=\/wp\/v2\/pages\/18382","targetHints":{"allow":["GET"]}}],"collection":[{"href":"https:\/\/www.rsue.de\/index.php?rest_route=\/wp\/v2\/pages"}],"about":[{"href":"https:\/\/www.rsue.de\/index.php?rest_route=\/wp\/v2\/types\/page"}],"author":[{"embeddable":true,"href":"https:\/\/www.rsue.de\/index.php?rest_route=\/wp\/v2\/users\/110"}],"replies":[{"embeddable":true,"href":"https:\/\/www.rsue.de\/index.php?rest_route=%2Fwp%2Fv2%2Fcomments&post=18382"}],"version-history":[{"count":101,"href":"https:\/\/www.rsue.de\/index.php?rest_route=\/wp\/v2\/pages\/18382\/revisions"}],"predecessor-version":[{"id":21734,"href":"https:\/\/www.rsue.de\/index.php?rest_route=\/wp\/v2\/pages\/18382\/revisions\/21734"}],"up":[{"embeddable":true,"href":"https:\/\/www.rsue.de\/index.php?rest_route=\/wp\/v2\/pages\/837"}],"wp:attachment":[{"href":"https:\/\/www.rsue.de\/index.php?rest_route=%2Fwp%2Fv2%2Fmedia&parent=18382"}],"curies":[{"name":"wp","href":"https:\/\/api.w.org\/{rel}","templated":true}]}}