{"id":160,"date":"2009-08-03T12:44:38","date_gmt":"2009-08-03T10:44:38","guid":{"rendered":"http:\/\/www.rsue.de\/?page_id=160"},"modified":"2019-01-26T18:52:06","modified_gmt":"2019-01-26T17:52:06","slug":"uber-uns-2","status":"publish","type":"page","link":"https:\/\/www.rsue.de\/?page_id=160","title":{"rendered":"\u00dcber uns"},"content":{"rendered":"<p>Die Realschule liegt im Schulzentrum der Stadt \u00dcberlingen. In diesem Schulzentrum ist sie eine von vielen Schulen: Gymnasium, berufsbildende Schulen mit TG, WG, EG u. a.<br \/>\nIn der &#8222;Schulstadt \u00dcberlingen&#8220; mit einem vielf\u00e4ltigen Schulangebot &#8211; z. B. Wiestorschule, Waldorfschule, Salem College, F\u00f6rderschulen &#8211; ist die Realschule eine Schulart, auf der die Mittlere Reife auf direktem Weg nach 10 Schuljahren erlangt werden kann.<\/p>\n<p>Mit einer erweiterten Allgemeinbildung stehen den Realsch\u00fclern praktisch orientierte Berufe mit erh\u00f6hten theoretischen Anforderungen offen. Mit entsprechend guten Noten ist die Mittlere Reife Voraussetzung f\u00fcr eine weitere Schullaufbahn in den beruflichen Gymnasien, Berufskollegs oder \u00e4hnlichen weiterf\u00fchrenden Schulen.<\/p>\n<p>Die &#8222;gr\u00fcne&#8220; Realschule ist in der Tr\u00e4gerschaft der Stadt \u00dcberlingen. In der Aula des Hauptgeb\u00e4udes, im &#8222;Altbau&#8220; aus dem Jahre 1974, steht im Mittelpunkt das von Natur- und Techniksch\u00fclern selbst gefertigte Wasserrad. Beides sind wichtige Sinnbilder f\u00fcr unsere Schule; B\u00fccher als \u00fcbernommene Kulturg\u00fcter unserer Gesellschaft bilden den Mittelpunkt des Lernens, das Wasserrad symbolisiert die stetige Bewegung und Entwicklung der Realschule \u00dcberlingen bis zum heutigen Tag und in die Zukunft hinein.<\/p>\n<p>Der architektonisch ansprechende Neubau aus dem Jahre 1994, durch eine geschlossene Br\u00fcckenkonstruktion mit dem Altbau verbunden, rundet das Schulgeb\u00e4ude ab und stellt eine Verbindung zum Schulgarten her. Der Gesamteindruck beider Geb\u00e4ude zeigt die Atmosph\u00e4re der Schule: offen, hell, Ausblicke schaffend. Durch die umfassenden Umbau- und Sanierungsma\u00dfnahmen in den Jahren 2014-2015 konnte&nbsp;diese Wirkung erhalten und teilweise sogar verst\u00e4rkt werden.<\/p>\n<p>Die einmalige 40 Meter lange Kletter-Boulderwand wurde durch unseren F\u00f6rderverein der Freunde der Realschule \u00dcberlingen mitfinanziert und durch unsere Sch\u00fcler&nbsp;errichtet.<\/p>\n<hr \/>\n<h3>Weitere Informationen<\/h3>\n<ul>\n<li><a title=\"Konzeption und Profil\" href=\"https:\/\/www.rsue.de\/?page_id=702\">Konzeption und Profil<\/a><\/li>\n<li><a title=\"Informationsfilm\" href=\"https:\/\/www.rsue.de\/?page_id=4579\">Video: Die Realschule in Baden-W\u00fcrttemberg<\/a><\/li>\n<li><a title=\"Schulordnung\" href=\"https:\/\/www.rsue.de\/?page_id=414\">Schulordnung<\/a><\/li>\n<li><a title=\"Partnerschulen\" href=\"https:\/\/www.rsue.de\/?page_id=1126\">Partnerschulen<\/a><\/li>\n<li><a title=\"F\u00f6rderverein\" href=\"https:\/\/www.rsue.de\/?page_id=140\">F\u00f6rderverein<\/a><\/li>\n<\/ul>\n","protected":false},"excerpt":{"rendered":"<p>Die Realschule liegt im Schulzentrum der Stadt \u00dcberlingen. In diesem Schulzentrum ist sie eine von vielen Schulen: Gymnasium, berufsbildende Schulen mit TG, [&hellip;]<\/p>\n","protected":false},"author":2,"featured_media":0,"parent":0,"menu_order":4,"comment_status":"closed","ping_status":"closed","template":"page-templates\/page_fullwidth.php","meta":{"footnotes":""},"class_list":["post-160","page","type-page","status-publish","hentry"],"_links":{"self":[{"href":"https:\/\/www.rsue.de\/index.php?rest_route=\/wp\/v2\/pages\/160","targetHints":{"allow":["GET"]}}],"collection":[{"href":"https:\/\/www.rsue.de\/index.php?rest_route=\/wp\/v2\/pages"}],"about":[{"href":"https:\/\/www.rsue.de\/index.php?rest_route=\/wp\/v2\/types\/page"}],"author":[{"embeddable":true,"href":"https:\/\/www.rsue.de\/index.php?rest_route=\/wp\/v2\/users\/2"}],"replies":[{"embeddable":true,"href":"https:\/\/www.rsue.de\/index.php?rest_route=%2Fwp%2Fv2%2Fcomments&post=160"}],"version-history":[{"count":9,"href":"https:\/\/www.rsue.de\/index.php?rest_route=\/wp\/v2\/pages\/160\/revisions"}],"predecessor-version":[{"id":18333,"href":"https:\/\/www.rsue.de\/index.php?rest_route=\/wp\/v2\/pages\/160\/revisions\/18333"}],"wp:attachment":[{"href":"https:\/\/www.rsue.de\/index.php?rest_route=%2Fwp%2Fv2%2Fmedia&parent=160"}],"curies":[{"name":"wp","href":"https:\/\/api.w.org\/{rel}","templated":true}]}}