{"id":121,"date":"2009-08-03T11:38:34","date_gmt":"2009-08-03T09:38:34","guid":{"rendered":"http:\/\/www.rsue.de\/?page_id=121"},"modified":"2025-10-13T11:02:33","modified_gmt":"2025-10-13T09:02:33","slug":"sprechzeiten","status":"publish","type":"page","link":"https:\/\/www.rsue.de\/?page_id=121","title":{"rendered":"Lehrer"},"content":{"rendered":"\n<h4 class=\"wp-block-heading\">Sch\u00fcler-Lehrer-Kommunikation<\/h4>\n\n\n\n<p>Zur schriftlichen Kommunikation zwischen Sch\u00fclern und Lehrern verwenden wir ausschlie\u00dflich den <a rel=\"noreferrer noopener\" href=\"https:\/\/kephiso.webuntis.com\/messenger\" target=\"_blank\">Untis Messenger<\/a>, der auch als App auf mobilen Endger\u00e4ten installiert werden kann. Bei Zugangsproblemen hilft Herr Dr. Ziegelbauer weiter (<a href=\"mailto:ziegelbauer@rsue.de\">ziegelbauer@rsue.de<\/a>).<\/p>\n\n\n\n<h4 class=\"wp-block-heading\">Eltern-Lehrer-Kommunikation<\/h4>\n\n\n\n<div class=\"wp-block-group is-layout-flow wp-block-group-is-layout-flow\">\n<div class=\"wp-block-group is-layout-flow wp-block-group-is-layout-flow\">\n<p>Bitte setzen Sie sich mit den Lehrern zur Terminabsprache in Verbindung, und zwar entweder<\/p>\n\n\n\n<ul class=\"wp-block-list\">\n<li>vorzugsweise \u00fcber <a href=\"https:\/\/www.rsue.de\/?page_id=21156\" data-type=\"link\" data-id=\"https:\/\/www.rsue.de\/?page_id=21156\">WebUntis<\/a> bzw. Untis Mobile,<\/li>\n\n\n\n<li>per E-Mail (i. d. R. <span style=\"color: #808080;\">lehrername<\/span>@rsue.de, ggf. Sonderzeichen umwandeln: \u00e4\u2192ae, \u00f6\u2192oe, \u00fc\u2192ue, \u00df\u2192ss), oder<\/li>\n\n\n\n<li>telefonisch \u00fcber das Sekretariat (Tel. 07551\/61280).<\/li>\n<\/ul>\n\n\n\n<div style=\"height:20px\" aria-hidden=\"true\" class=\"wp-block-spacer\"><\/div>\n<\/div>\n<\/div>\n\n\n\n<figure class=\"wp-block-image aligncenter size-full is-style-default\"><img fetchpriority=\"high\" decoding=\"async\" width=\"2560\" height=\"1806\" src=\"https:\/\/www.rsue.de\/wp-content\/uploads\/2025\/10\/IMG_2724-Copy-scaled.jpeg\" alt=\"\" class=\"wp-image-21729\" srcset=\"https:\/\/www.rsue.de\/wp-content\/uploads\/2025\/10\/IMG_2724-Copy-scaled.jpeg 2560w, https:\/\/www.rsue.de\/wp-content\/uploads\/2025\/10\/IMG_2724-Copy-300x212.jpeg 300w, https:\/\/www.rsue.de\/wp-content\/uploads\/2025\/10\/IMG_2724-Copy-639x451.jpeg 639w, https:\/\/www.rsue.de\/wp-content\/uploads\/2025\/10\/IMG_2724-Copy-768x542.jpeg 768w, https:\/\/www.rsue.de\/wp-content\/uploads\/2025\/10\/IMG_2724-Copy-1536x1084.jpeg 1536w, https:\/\/www.rsue.de\/wp-content\/uploads\/2025\/10\/IMG_2724-Copy-2048x1445.jpeg 2048w, https:\/\/www.rsue.de\/wp-content\/uploads\/2025\/10\/IMG_2724-Copy-1000x705.jpeg 1000w, https:\/\/www.rsue.de\/wp-content\/uploads\/2025\/10\/IMG_2724-Copy-230x162.jpeg 230w, https:\/\/www.rsue.de\/wp-content\/uploads\/2025\/10\/IMG_2724-Copy-350x247.jpeg 350w, https:\/\/www.rsue.de\/wp-content\/uploads\/2025\/10\/IMG_2724-Copy-480x339.jpeg 480w\" sizes=\"(max-width: 2560px) 100vw, 2560px\" \/><figcaption class=\"wp-element-caption\">Teil unseres Lehrerkollegiums am Kletterger\u00fcst vor dem Haus (September 2025)<\/figcaption><\/figure>\n\n\n\n<p><\/p>\n","protected":false},"excerpt":{"rendered":"<p>Sch\u00fcler-Lehrer-Kommunikation Zur schriftlichen Kommunikation zwischen Sch\u00fclern und Lehrern verwenden wir ausschlie\u00dflich den Untis Messenger, der auch als App auf mobilen Endger\u00e4ten installiert [&hellip;]<\/p>\n","protected":false},"author":15,"featured_media":0,"parent":4,"menu_order":2,"comment_status":"closed","ping_status":"closed","template":"page-templates\/page_fullwidth.php","meta":{"footnotes":""},"class_list":["post-121","page","type-page","status-publish","hentry"],"_links":{"self":[{"href":"https:\/\/www.rsue.de\/index.php?rest_route=\/wp\/v2\/pages\/121","targetHints":{"allow":["GET"]}}],"collection":[{"href":"https:\/\/www.rsue.de\/index.php?rest_route=\/wp\/v2\/pages"}],"about":[{"href":"https:\/\/www.rsue.de\/index.php?rest_route=\/wp\/v2\/types\/page"}],"author":[{"embeddable":true,"href":"https:\/\/www.rsue.de\/index.php?rest_route=\/wp\/v2\/users\/15"}],"replies":[{"embeddable":true,"href":"https:\/\/www.rsue.de\/index.php?rest_route=%2Fwp%2Fv2%2Fcomments&post=121"}],"version-history":[{"count":57,"href":"https:\/\/www.rsue.de\/index.php?rest_route=\/wp\/v2\/pages\/121\/revisions"}],"predecessor-version":[{"id":21766,"href":"https:\/\/www.rsue.de\/index.php?rest_route=\/wp\/v2\/pages\/121\/revisions\/21766"}],"up":[{"embeddable":true,"href":"https:\/\/www.rsue.de\/index.php?rest_route=\/wp\/v2\/pages\/4"}],"wp:attachment":[{"href":"https:\/\/www.rsue.de\/index.php?rest_route=%2Fwp%2Fv2%2Fmedia&parent=121"}],"curies":[{"name":"wp","href":"https:\/\/api.w.org\/{rel}","templated":true}]}}